{"id":891,"date":"2023-11-21T11:24:44","date_gmt":"2023-11-21T15:24:44","guid":{"rendered":"https:\/\/ijtc.com.br\/?page_id=891"},"modified":"2023-11-24T01:29:57","modified_gmt":"2023-11-24T05:29:57","slug":"cursos-ao-vivo","status":"publish","type":"page","link":"https:\/\/ijtc.com.br\/?page_id=891","title":{"rendered":"Cursos ao vivo"},"content":{"rendered":"\t\t<div data-elementor-type=\"wp-page\" data-elementor-id=\"891\" data-post-id=\"649\" data-obj-id=\"649\" class=\"elementor elementor-891 dce-elementor-post-649\" data-elementor-post-type=\"page\">\n\t\t\t\t\t\t<section class=\"elementor-section elementor-top-section elementor-element elementor-element-d96ce9a elementor-section-boxed elementor-section-height-default elementor-section-height-default\" data-id=\"d96ce9a\" data-element_type=\"section\" data-e-type=\"section\" data-settings=\"{&quot;background_background&quot;:&quot;classic&quot;}\">\n\t\t\t\t\t\t\t<div class=\"elementor-background-overlay\"><\/div>\n\t\t\t\t\t\t\t<div class=\"elementor-container elementor-column-gap-default\">\n\t\t\t\t\t<div class=\"elementor-column elementor-col-100 elementor-top-column elementor-element elementor-element-dd2f62d\" data-id=\"dd2f62d\" data-element_type=\"column\" data-e-type=\"column\">\n\t\t\t<div class=\"elementor-widget-wrap elementor-element-populated\">\n\t\t\t\t\t\t<div class=\"elementor-element elementor-element-8c613eb elementor-widget-divider--view-line elementor-widget elementor-widget-divider\" data-id=\"8c613eb\" data-element_type=\"widget\" data-e-type=\"widget\" data-widget_type=\"divider.default\">\n\t\t\t\t<div class=\"elementor-widget-container\">\n\t\t\t\t\t\t\t<div class=\"elementor-divider\">\n\t\t\t<span class=\"elementor-divider-separator\">\n\t\t\t\t\t\t<\/span>\n\t\t<\/div>\n\t\t\t\t\t\t<\/div>\n\t\t\t\t<\/div>\n\t\t\t\t\t<\/div>\n\t\t<\/div>\n\t\t\t\t\t<\/div>\n\t\t<\/section>\n\t\t\t\t<section class=\"elementor-section elementor-top-section elementor-element elementor-element-23bae07 elementor-section-boxed elementor-section-height-default elementor-section-height-default\" data-id=\"23bae07\" data-element_type=\"section\" data-e-type=\"section\">\n\t\t\t\t\t\t<div class=\"elementor-container elementor-column-gap-default\">\n\t\t\t\t\t<div class=\"elementor-column elementor-col-100 elementor-top-column elementor-element elementor-element-b6c01aa\" data-id=\"b6c01aa\" data-element_type=\"column\" data-e-type=\"column\">\n\t\t\t<div class=\"elementor-widget-wrap elementor-element-populated\">\n\t\t\t\t\t\t<div class=\"elementor-element elementor-element-898ff11 elementor-grid-3 elementor-grid-tablet-2 elementor-grid-mobile-1 elementor-widget elementor-widget-loop-grid\" data-id=\"898ff11\" data-element_type=\"widget\" data-e-type=\"widget\" data-settings=\"{&quot;template_id&quot;:&quot;646&quot;,&quot;pagination_type&quot;:&quot;numbers&quot;,&quot;row_gap_mobile&quot;:{&quot;unit&quot;:&quot;px&quot;,&quot;size&quot;:20,&quot;sizes&quot;:[]},&quot;pagination_load_type&quot;:&quot;ajax&quot;,&quot;row_gap&quot;:{&quot;unit&quot;:&quot;px&quot;,&quot;size&quot;:30,&quot;sizes&quot;:[]},&quot;_skin&quot;:&quot;post&quot;,&quot;columns&quot;:&quot;3&quot;,&quot;columns_tablet&quot;:&quot;2&quot;,&quot;columns_mobile&quot;:&quot;1&quot;,&quot;edit_handle_selector&quot;:&quot;[data-elementor-type=\\&quot;loop-item\\&quot;]&quot;,&quot;row_gap_tablet&quot;:{&quot;unit&quot;:&quot;px&quot;,&quot;size&quot;:&quot;&quot;,&quot;sizes&quot;:[]}}\" data-widget_type=\"loop-grid.post\">\n\t\t\t\t<div class=\"elementor-widget-container\">\n\t\t\t\t\t\t\t<div class=\"elementor-loop-container elementor-grid\">\n\t\t<style id=\"loop-646\">.elementor-646 .elementor-element.elementor-element-897414a{padding:0px 0px 0px 0px;}.elementor-646 .elementor-element.elementor-element-04be011:not(.elementor-motion-effects-element-type-background) > .elementor-widget-wrap, .elementor-646 .elementor-element.elementor-element-04be011 > .elementor-widget-wrap > .elementor-motion-effects-container > .elementor-motion-effects-layer{background-color:transparent;background-image:linear-gradient(180deg, #FFFFFF 0%, #FFFFFF 100%);}.elementor-646 .elementor-element.elementor-element-04be011 > .elementor-element-populated, .elementor-646 .elementor-element.elementor-element-04be011 > .elementor-element-populated > .elementor-background-overlay, .elementor-646 .elementor-element.elementor-element-04be011 > .elementor-background-slideshow{border-radius:10px 10px 10px 10px;}.elementor-646 .elementor-element.elementor-element-04be011 > .elementor-element-populated{box-shadow:0px 0px 40px 0px rgba(0, 0, 0, 0.09);transition:background 0.3s, border 0.3s, border-radius 0.3s, box-shadow 0.3s;margin:0px 5px 0px 0px;--e-column-margin-right:5px;--e-column-margin-left:0px;padding:40px 40px 40px 40px;}.elementor-646 .elementor-element.elementor-element-04be011:hover > .elementor-element-populated{box-shadow:0px 0px 40px 0px rgba(0, 0, 0, 0.2);}.elementor-646 .elementor-element.elementor-element-04be011 > .elementor-element-populated > .elementor-background-overlay{transition:background 0.3s, border-radius 0.3s, opacity 0.3s;}.elementor-646 .elementor-element.elementor-element-428c71a{--spacer-size:65px;width:var( --container-widget-width, 65px );max-width:65px;--container-widget-width:65px;--container-widget-flex-grow:0;z-index:11;}.elementor-646 .elementor-element.elementor-element-428c71a > .elementor-widget-container{background-color:#00CED1;background-image:url(\"https:\/\/ijtc.com.br\/wp-content\/uploads\/2023\/09\/image-section-59-min.png\");background-position:center center;background-repeat:no-repeat;background-size:55px auto;border-radius:0px 50px 50px 50px;}.elementor-646 .elementor-element.elementor-element-b064cfd{--lottie-container-opacity:0.2;width:var( --container-widget-width, 100px );max-width:100px;--container-widget-width:100px;--container-widget-flex-grow:0;top:0px;}.elementor-646 .elementor-element.elementor-element-b064cfd .e-lottie__container{filter:brightness( 100% ) contrast( 200% ) saturate( 0% ) blur( 0px ) hue-rotate( 2deg );}.elementor-646 .elementor-element.elementor-element-b064cfd > .elementor-widget-container{margin:0em -2em 0em 2em;}body:not(.rtl) .elementor-646 .elementor-element.elementor-element-b064cfd{right:0px;}body.rtl .elementor-646 .elementor-element.elementor-element-b064cfd{left:0px;}.elementor-646 .elementor-element.elementor-element-349dcff .elementor-heading-title{font-family:\"Titillium Web\", Sans-serif;font-size:20px;font-weight:400;text-transform:uppercase;font-style:normal;text-decoration:none;line-height:1.4em;letter-spacing:-1.5px;color:#000000;}.elementor-646 .elementor-element.elementor-element-349dcff > .elementor-widget-container{margin:25px 0px 0px 0px;}.elementor-646 .elementor-element.elementor-element-2c776bf{--divider-border-style:dotted;--divider-color:#00CED1;--divider-border-width:2px;}.elementor-646 .elementor-element.elementor-element-2c776bf .elementor-divider-separator{width:50px;}.elementor-646 .elementor-element.elementor-element-2c776bf .elementor-divider{padding-block-start:2px;padding-block-end:2px;}.elementor-646 .elementor-element.elementor-element-b6d5fea .elementor-icon-wrapper{text-align:start;}.elementor-646 .elementor-element.elementor-element-b6d5fea.elementor-view-stacked .elementor-icon{background-color:#FF843B;color:#FFFFFF;}.elementor-646 .elementor-element.elementor-element-b6d5fea.elementor-view-framed .elementor-icon, .elementor-646 .elementor-element.elementor-element-b6d5fea.elementor-view-default .elementor-icon{color:#FF843B;border-color:#FF843B;}.elementor-646 .elementor-element.elementor-element-b6d5fea.elementor-view-framed .elementor-icon, .elementor-646 .elementor-element.elementor-element-b6d5fea.elementor-view-default .elementor-icon svg{fill:#FF843B;}.elementor-646 .elementor-element.elementor-element-b6d5fea.elementor-view-framed .elementor-icon{background-color:#FFFFFF;}.elementor-646 .elementor-element.elementor-element-b6d5fea.elementor-view-stacked .elementor-icon svg{fill:#FFFFFF;}.elementor-646 .elementor-element.elementor-element-b6d5fea.elementor-view-stacked .elementor-icon:hover{background-color:#000000;color:#FFFFFF;}.elementor-646 .elementor-element.elementor-element-b6d5fea.elementor-view-framed .elementor-icon:hover, .elementor-646 .elementor-element.elementor-element-b6d5fea.elementor-view-default .elementor-icon:hover{color:#000000;border-color:#000000;}.elementor-646 .elementor-element.elementor-element-b6d5fea.elementor-view-framed .elementor-icon:hover, .elementor-646 .elementor-element.elementor-element-b6d5fea.elementor-view-default .elementor-icon:hover svg{fill:#000000;}.elementor-646 .elementor-element.elementor-element-b6d5fea.elementor-view-framed .elementor-icon:hover{background-color:#FFFFFF;}.elementor-646 .elementor-element.elementor-element-b6d5fea.elementor-view-stacked .elementor-icon:hover svg{fill:#FFFFFF;}.elementor-646 .elementor-element.elementor-element-b6d5fea .elementor-icon{font-size:18px;}.elementor-646 .elementor-element.elementor-element-b6d5fea .elementor-icon svg{height:18px;}.elementor-646 .elementor-element.elementor-element-b6d5fea > .elementor-widget-container{margin:10px 0px 0px 0px;padding:0px 0px 0px 0px;}.elementor-646 .elementor-element.elementor-element-b6d5fea{width:auto;max-width:auto;}@media(max-width:1024px){.elementor-646 .elementor-element.elementor-element-04be011 > .elementor-element-populated{padding:30px 30px 30px 30px;}.elementor-646 .elementor-element.elementor-element-428c71a{--spacer-size:60px;width:var( --container-widget-width, 60px );max-width:60px;--container-widget-width:60px;--container-widget-flex-grow:0;}.elementor-646 .elementor-element.elementor-element-349dcff .elementor-heading-title{font-size:25px;}}@media(max-width:767px){.elementor-646 .elementor-element.elementor-element-04be011 > .elementor-element-populated{margin:10px 10px 20px 10px;--e-column-margin-right:10px;--e-column-margin-left:10px;padding:40px 30px 30px 30px;}.elementor-646 .elementor-element.elementor-element-349dcff .elementor-heading-title{font-size:23.04px;}}<\/style>\t\t<div data-elementor-type=\"loop-item\" data-elementor-id=\"646\" data-post-id=\"649\" data-obj-id=\"649\" class=\"elementor elementor-646 dce-elementor-post-649 e-loop-item e-loop-item-649 post-649 cursos type-cursos status-publish has-post-thumbnail hentry category-cursos-ao-vivo\" data-elementor-post-type=\"elementor_library\" data-custom-edit-handle=\"1\">\n\t\t\t\t\t<section class=\"elementor-section elementor-top-section elementor-element elementor-element-897414a elementor-section-boxed elementor-section-height-default elementor-section-height-default\" data-id=\"897414a\" data-element_type=\"section\" data-e-type=\"section\">\n\t\t\t\t\t\t<div class=\"elementor-container elementor-column-gap-default\">\n\t\t\t\t\t<div class=\"elementor-column elementor-col-100 elementor-top-column elementor-element elementor-element-04be011 elementor-invisible\" data-id=\"04be011\" data-element_type=\"column\" data-e-type=\"column\" data-settings=\"{&quot;background_background&quot;:&quot;gradient&quot;,&quot;animation&quot;:&quot;slideInUp&quot;,&quot;animation_delay&quot;:300}\">\n\t\t\t<div class=\"elementor-widget-wrap elementor-element-populated\">\n\t\t\t\t\t\t<div class=\"elementor-element elementor-element-428c71a elementor-widget__width-initial elementor-widget-tablet__width-initial elementor-widget elementor-widget-spacer\" data-id=\"428c71a\" data-element_type=\"widget\" data-e-type=\"widget\" data-widget_type=\"spacer.default\">\n\t\t\t\t<div class=\"elementor-widget-container\">\n\t\t\t\t\t\t\t<div class=\"elementor-spacer\">\n\t\t\t<div class=\"elementor-spacer-inner\"><\/div>\n\t\t<\/div>\n\t\t\t\t\t\t<\/div>\n\t\t\t\t<\/div>\n\t\t\t\t<div class=\"elementor-element elementor-element-b064cfd elementor-widget__width-initial elementor-absolute elementor-align-center elementor-widget elementor-widget-lottie\" data-id=\"b064cfd\" data-element_type=\"widget\" data-e-type=\"widget\" data-settings=\"{&quot;source&quot;:&quot;external_url&quot;,&quot;source_external_url&quot;:{&quot;url&quot;:&quot;https:\\\/\\\/assets5.lottiefiles.com\\\/packages\\\/lf20_jvxtwafo.json&quot;,&quot;is_external&quot;:&quot;&quot;,&quot;nofollow&quot;:&quot;&quot;,&quot;custom_attributes&quot;:&quot;&quot;},&quot;loop&quot;:&quot;yes&quot;,&quot;play_speed&quot;:{&quot;unit&quot;:&quot;px&quot;,&quot;size&quot;:0.299999999999999988897769753748434595763683319091796875,&quot;sizes&quot;:[]},&quot;_position&quot;:&quot;absolute&quot;,&quot;link_to&quot;:&quot;none&quot;,&quot;trigger&quot;:&quot;arriving_to_viewport&quot;,&quot;viewport&quot;:{&quot;unit&quot;:&quot;%&quot;,&quot;size&quot;:&quot;&quot;,&quot;sizes&quot;:{&quot;start&quot;:0,&quot;end&quot;:100}},&quot;start_point&quot;:{&quot;unit&quot;:&quot;%&quot;,&quot;size&quot;:0,&quot;sizes&quot;:[]},&quot;end_point&quot;:{&quot;unit&quot;:&quot;%&quot;,&quot;size&quot;:100,&quot;sizes&quot;:[]},&quot;renderer&quot;:&quot;svg&quot;}\" data-widget_type=\"lottie.default\">\n\t\t\t\t<div class=\"elementor-widget-container\">\n\t\t\t\t\t<div class=\"e-lottie__container\"><div class=\"e-lottie__animation\"><\/div><\/div>\t\t\t\t<\/div>\n\t\t\t\t<\/div>\n\t\t\t\t<div class=\"elementor-element elementor-element-349dcff elementor-widget elementor-widget-heading\" data-id=\"349dcff\" data-element_type=\"widget\" data-e-type=\"widget\" data-widget_type=\"heading.default\">\n\t\t\t\t<div class=\"elementor-widget-container\">\n\t\t\t\t\t<h3 class=\"elementor-heading-title elementor-size-default\"><a href=\"https:\/\/ijtc.com.br\/?cursos=preparacao-para-as-eleicoes-2024\">Prepara\u00e7\u00e3o para as Elei\u00e7\u00f5es 2024<\/a><\/h3>\t\t\t\t<\/div>\n\t\t\t\t<\/div>\n\t\t\t\t<div class=\"elementor-element elementor-element-2c776bf elementor-widget-divider--view-line elementor-invisible elementor-widget elementor-widget-divider\" data-id=\"2c776bf\" data-element_type=\"widget\" data-e-type=\"widget\" data-settings=\"{&quot;_animation&quot;:&quot;fadeIn&quot;}\" data-widget_type=\"divider.default\">\n\t\t\t\t<div class=\"elementor-widget-container\">\n\t\t\t\t\t\t\t<div class=\"elementor-divider\">\n\t\t\t<span class=\"elementor-divider-separator\">\n\t\t\t\t\t\t<\/span>\n\t\t<\/div>\n\t\t\t\t\t\t<\/div>\n\t\t\t\t<\/div>\n\t\t\t\t<div class=\"elementor-element elementor-element-d8de8bd elementor-widget elementor-widget-text-editor\" data-id=\"d8de8bd\" data-element_type=\"widget\" data-e-type=\"widget\" data-widget_type=\"text-editor.default\">\n\t\t\t\t<div class=\"elementor-widget-container\">\n\t\t\t\t\t\t\t\t\tPreparar-se para as elei\u00e7\u00f5es \u00e9 uma tarefa complexa que requer conhecimento aprofundado da legisla\u00e7\u00e3o eleitoral. Nossos eventos ao vivo oferecem oportunidades \u00fanicas&#8230;\t\t\t\t\t\t\t\t<\/div>\n\t\t\t\t<\/div>\n\t\t\t\t<div class=\"elementor-element elementor-element-b6d5fea elementor-view-stacked elementor-widget__width-auto elementor-shape-circle elementor-widget elementor-widget-icon\" data-id=\"b6d5fea\" data-element_type=\"widget\" data-e-type=\"widget\" data-widget_type=\"icon.default\">\n\t\t\t\t<div class=\"elementor-widget-container\">\n\t\t\t\t\t\t\t<div class=\"elementor-icon-wrapper\">\n\t\t\t<a class=\"elementor-icon\" href=\"https:\/\/ijtc.com.br\/?cursos=preparacao-para-as-eleicoes-2024\">\n\t\t\t<i aria-hidden=\"true\" class=\"fas fa-long-arrow-alt-right\"><\/i>\t\t\t<\/a>\n\t\t<\/div>\n\t\t\t\t\t\t<\/div>\n\t\t\t\t<\/div>\n\t\t\t\t\t<\/div>\n\t\t<\/div>\n\t\t\t\t\t<\/div>\n\t\t<\/section>\n\t\t\t\t<\/div>\n\t\t\t\t<\/div>\n\t\t\n\t\t\t\t\t\t<\/div>\n\t\t\t\t<\/div>\n\t\t\t\t\t<\/div>\n\t\t<\/div>\n\t\t\t\t\t<\/div>\n\t\t<\/section>\n\t\t\t\t<\/div>\n\t\t","protected":false},"excerpt":{"rendered":"","protected":false},"author":1,"featured_media":0,"parent":0,"menu_order":0,"comment_status":"closed","ping_status":"closed","template":"elementor_header_footer","meta":{"footnotes":""},"class_list":["post-891","page","type-page","status-publish","hentry"],"acf":[],"_links":{"self":[{"href":"https:\/\/ijtc.com.br\/index.php?rest_route=\/wp\/v2\/pages\/891","targetHints":{"allow":["GET"]}}],"collection":[{"href":"https:\/\/ijtc.com.br\/index.php?rest_route=\/wp\/v2\/pages"}],"about":[{"href":"https:\/\/ijtc.com.br\/index.php?rest_route=\/wp\/v2\/types\/page"}],"author":[{"embeddable":true,"href":"https:\/\/ijtc.com.br\/index.php?rest_route=\/wp\/v2\/users\/1"}],"replies":[{"embeddable":true,"href":"https:\/\/ijtc.com.br\/index.php?rest_route=%2Fwp%2Fv2%2Fcomments&post=891"}],"version-history":[{"count":7,"href":"https:\/\/ijtc.com.br\/index.php?rest_route=\/wp\/v2\/pages\/891\/revisions"}],"predecessor-version":[{"id":1051,"href":"https:\/\/ijtc.com.br\/index.php?rest_route=\/wp\/v2\/pages\/891\/revisions\/1051"}],"wp:attachment":[{"href":"https:\/\/ijtc.com.br\/index.php?rest_route=%2Fwp%2Fv2%2Fmedia&parent=891"}],"curies":[{"name":"wp","href":"https:\/\/api.w.org\/{rel}","templated":true}]}}